{"id":259,"date":"2026-02-20T13:51:40","date_gmt":"2026-02-20T13:51:40","guid":{"rendered":"https:\/\/citscibio.org\/?post_type=product&#038;p=259"},"modified":"2026-02-20T15:12:17","modified_gmt":"2026-02-20T15:12:17","slug":"adectal","status":"publish","type":"product","link":"https:\/\/citscibio.org\/index.php\/product\/adectal\/","title":{"rendered":"Adectal"},"content":{"rendered":"<p class=\"font-claude-response-body break-words whitespace-normal leading-[1.7]\">Probl\u00e9my s prostatou tr\u00e1p\u00ed st\u00e1le v\u00edce mu\u017e\u016f \u2013 a to nejenom ve vy\u0161\u0161\u00edm v\u011bku. \u010cast\u00e9 nucen\u00ed na mo\u010den\u00ed, bolesti v podb\u0159i\u0161ku, zhor\u0161en\u00e1 sexu\u00e1ln\u00ed funkce \u010di celkov\u00e1 \u00fanava jsou p\u0159\u00edznaky, kter\u00e9 z\u00e1sadn\u011b sni\u017euj\u00ed kvalitu \u017eivota. Mnoho mu\u017e\u016f hled\u00e1 \u0159e\u0161en\u00ed, kter\u00e9 by bylo p\u0159\u00edrodn\u00ed, bezpe\u010dn\u00e9 a p\u0159itom skute\u010dn\u011b funk\u010dn\u00ed. Jedn\u00edm z p\u0159\u00edpravk\u016f, o nich\u017e se v posledn\u00ed dob\u011b hodn\u011b mluv\u00ed, jsou kapsle Adectal. V tomto \u010dl\u00e1nku se podrobn\u011b pod\u00edv\u00e1me na slo\u017een\u00ed, \u00fa\u010dinky, n\u00e1vod k pou\u017eit\u00ed i n\u00e1zory z\u00e1kazn\u00edk\u016f a odborn\u00edk\u016f.<\/p>\n<h2 class=\"text-text-100 mt-3 -mb-1 text-[1.125rem] font-bold\">Co je Adectal?<\/h2>\n<p class=\"font-claude-response-body break-words whitespace-normal leading-[1.7]\">Adectal je p\u0159\u00edrodn\u00ed dopln\u011bk stravy ve form\u011b kapsl\u00ed, kter\u00fd byl vyvinut speci\u00e1ln\u011b pro podporu zdrav\u00ed prostaty a mo\u010dov\u00e9ho \u00fastroj\u00ed u mu\u017e\u016f. P\u0159\u00edpravek kombinuje rostlinn\u00e9 extrakty a p\u0159\u00edrodn\u00ed l\u00e1tky s prok\u00e1zan\u00fdm \u00fa\u010dinkem na prostatick\u00e9 obt\u00ed\u017ee. Jeho slo\u017een\u00ed je navr\u017eeno tak, aby p\u016fsobilo komplexn\u011b \u2013 zm\u00edr\u0148ovalo z\u00e1n\u011bty, podporovalo norm\u00e1ln\u00ed funkci prostaty a p\u0159isp\u00edvalo k celkov\u00e9mu hormon\u00e1ln\u00edmu rovnovaze.<\/p>\n<p class=\"font-claude-response-body break-words whitespace-normal leading-[1.7]\">Adectal nen\u00ed l\u00e9\u010divem, ale v\u00fd\u017eivov\u00fdm dopl\u0148kem, jeho\u017e pravideln\u00e9 u\u017e\u00edv\u00e1n\u00ed m\u00e1 podle v\u00fdrobce podpo\u0159it p\u0159irozenou obranu organismu a zlep\u0161it komfort ka\u017edodenn\u00edho \u017eivota mu\u017e\u016f trp\u00edc\u00edch p\u0159\u00edznaky prostatitidy nebo benign\u00ed hyperplazie prostaty. P\u0159\u00edpravek nen\u00ed dostupn\u00fd v l\u00e9k\u00e1rn\u00e1ch \u2013 prod\u00e1v\u00e1 se v\u00fdhradn\u011b p\u0159es ofici\u00e1ln\u00ed web v\u00fdrobce, co\u017e zaru\u010duje autenti\u010dnost produktu.<\/p>\n<h2 class=\"text-text-100 mt-3 -mb-1 text-[1.125rem] font-bold\">P\u0159\u00edrodn\u00ed slo\u017eky ve slo\u017een\u00ed p\u0159\u00edpravku Adectal<\/h2>\n<p class=\"font-claude-response-body break-words whitespace-normal leading-[1.7]\">Slo\u017een\u00ed Adectalu je postaveno na p\u0159\u00edrodn\u00ed b\u00e1zi. Ka\u017ed\u00e1 slo\u017eka byla zvolena s ohledem na v\u011bdeck\u00e9 poznatky o zdrav\u00ed prostaty.<\/p>\n<ul class=\"[li_&amp;]:mb-0 [li_&amp;]:mt-1 [li_&amp;]:gap-1 [&amp;:not(:last-child)_ul]:pb-1 [&amp;:not(:last-child)_ol]:pb-1 list-disc flex flex-col gap-1 pl-8 mb-3\">\n<li class=\"whitespace-normal break-words pl-2\"><strong>Extrakt z palmy serenoy (Saw Palmetto)<\/strong> \u2013 jedna z nejl\u00e9pe prostudovan\u00fdch rostlin pro zdrav\u00ed prostaty; pom\u00e1h\u00e1 sni\u017eovat p\u0159\u00edznaky benign\u00ed hyperplazie a podporuje norm\u00e1ln\u00ed hladinu DHT<\/li>\n<li class=\"whitespace-normal break-words pl-2\"><strong>Extrakt z k\u016fry africk\u00e9 \u0161vestky (Pygeum africanum)<\/strong> \u2013 tradi\u010dn\u011b vyu\u017e\u00edvan\u00fd p\u0159i obt\u00ed\u017e\u00edch s mo\u010den\u00edm, zm\u00edr\u0148uje z\u00e1n\u011bty a zlep\u0161uje pr\u016ftok mo\u010di<\/li>\n<li class=\"whitespace-normal break-words pl-2\"><strong>Zinek<\/strong> \u2013 esenci\u00e1ln\u00ed miner\u00e1l nezbytn\u00fd pro spr\u00e1vnou funkci prostaty a mu\u017esk\u00fd hormon\u00e1ln\u00ed syst\u00e9m<\/li>\n<li class=\"whitespace-normal break-words pl-2\"><strong>Lykopen<\/strong> \u2013 siln\u00fd antioxidant z raj\u010dat spojovan\u00fd s ochranou prostatick\u00e9 tk\u00e1n\u011b<\/li>\n<li class=\"whitespace-normal break-words pl-2\"><strong>Beta-sitosterol<\/strong> \u2013 rostlinn\u00fd sterol, kter\u00fd sni\u017euje z\u00e1n\u011bt a napom\u00e1h\u00e1 zmen\u0161ov\u00e1n\u00ed zv\u011bt\u0161en\u00e9 prostaty<\/li>\n<li class=\"whitespace-normal break-words pl-2\"><strong>Extrakt z kop\u0159ivy dvoudom\u00e9 (Urtica dioica)<\/strong> \u2013 podporuje pr\u016ftok mo\u010di a zm\u00edr\u0148uje no\u010dn\u00ed nucen\u00ed na toaletu<\/li>\n<li class=\"whitespace-normal break-words pl-2\"><strong>Vitamin E<\/strong> \u2013 p\u0159isp\u00edv\u00e1 k ochran\u011b bun\u011bk p\u0159ed oxida\u010dn\u00edm stresem<\/li>\n<\/ul>\n<p class=\"font-claude-response-body break-words whitespace-normal leading-[1.7]\">Tato kombinace slo\u017eek p\u016fsob\u00ed synergicky a zam\u011b\u0159uje se na kl\u00ed\u010dov\u00e9 p\u0159\u00ed\u010diny prostatick\u00fdch obt\u00ed\u017e\u00ed, nikoli jen na symptomy.<\/p>\n<h2 class=\"text-text-100 mt-3 -mb-1 text-[1.125rem] font-bold\">Podrobn\u00fd n\u00e1vod k pou\u017eit\u00ed Adectal<\/h2>\n<p class=\"font-claude-response-body break-words whitespace-normal leading-[1.7]\">Spr\u00e1vn\u00e9 u\u017e\u00edv\u00e1n\u00ed p\u0159\u00edpravku je kl\u00ed\u010dem k dosa\u017een\u00ed optim\u00e1ln\u00edch v\u00fdsledk\u016f. V\u00fdrobce doporu\u010duje:<\/p>\n<ul>\n<li class=\"font-claude-response-body break-words whitespace-normal leading-[1.7]\"><strong>D\u00e1vkov\u00e1n\u00ed:<\/strong> 2 kapsle denn\u011b \u2013 jednu r\u00e1no a jednu ve\u010der, v\u017edy s dostate\u010dn\u00fdm mno\u017estv\u00edm vody (nejm\u00e9n\u011b 200 ml).<\/li>\n<li class=\"font-claude-response-body break-words whitespace-normal leading-[1.7]\"><strong>D\u00e9lka k\u00fary:<\/strong> Pro dosa\u017een\u00ed viditeln\u00fdch v\u00fdsledk\u016f se doporu\u010duje minim\u00e1ln\u011b 30denn\u00ed k\u00fara. V\u00fdrazn\u011bj\u0161\u00edho zlep\u0161en\u00ed se dosahuje obvykle po 60\u201390 dnech pravideln\u00e9ho u\u017e\u00edv\u00e1n\u00ed.<\/li>\n<li class=\"font-claude-response-body break-words whitespace-normal leading-[1.7]\"><strong>Upozorn\u011bn\u00ed k u\u017e\u00edv\u00e1n\u00ed:<\/strong> Kapsle se u\u017e\u00edvaj\u00ed s j\u00eddlem nebo t\u011bsn\u011b po j\u00eddle, aby se minimalizovalo p\u0159\u00edpadn\u00e9 podr\u00e1\u017ed\u011bn\u00ed \u017ealudku. Nen\u00ed vhodn\u00e9 p\u0159ekra\u010dovat doporu\u010denou denn\u00ed d\u00e1vku.<\/li>\n<li class=\"font-claude-response-body break-words whitespace-normal leading-[1.7]\"><strong>Skladov\u00e1n\u00ed:<\/strong> P\u0159\u00edpravek uchov\u00e1vejte na such\u00e9m m\u00edst\u011b p\u0159i pokojov\u00e9 teplot\u011b (do 25 \u00b0C), mimo dosah p\u0159\u00edm\u00e9ho slune\u010dn\u00edho z\u00e1\u0159en\u00ed a d\u011bt\u00ed. Po otev\u0159en\u00ed spot\u0159ebujte do data vyzna\u010den\u00e9ho na obalu.<\/li>\n<\/ul>\n<p class=\"font-claude-response-body break-words whitespace-normal leading-[1.7]\">Adectal nen\u00ed n\u00e1hradou vyv\u00e1\u017eenou stravou ani l\u00e9ka\u0159sk\u00e9 p\u00e9\u010de. V p\u0159\u00edpad\u011b z\u00e1va\u017en\u00fdch zdravotn\u00edch pot\u00ed\u017e\u00ed v\u017edy konzultujte l\u00e9ka\u0159e.<\/p>\n<h2 class=\"text-text-100 mt-3 -mb-1 text-[1.125rem] font-bold\">Nez\u00e1visl\u00e9 recenze z\u00e1kazn\u00edk\u016f<\/h2>\n<p class=\"font-claude-response-body break-words whitespace-normal leading-[1.7]\">V\u011bt\u0161ina z\u00e1kazn\u00edk\u016f, kte\u0159\u00ed Adectal vyzkou\u0161eli, hodnot\u00ed p\u0159\u00edpravek pozitivn\u011b. Nej\u010dast\u011bji zmi\u0148uj\u00ed zlep\u0161en\u00ed p\u0159i no\u010dn\u00edm mo\u010den\u00ed, \u00falevu od tlaku v oblasti prostaty a celkov\u011b lep\u0161\u00ed pocit pohody. Negativn\u00ed recenze jsou sp\u00ed\u0161e v\u00fdjimkou a t\u00fdkaj\u00ed se p\u0159edev\u0161\u00edm p\u0159\u00edli\u0161 kr\u00e1tk\u00e9ho u\u017e\u00edv\u00e1n\u00ed nebo nespln\u011bn\u00fdch nadm\u011brn\u00fdch o\u010dek\u00e1v\u00e1n\u00ed.<\/p>\n<ol class=\"[li_&amp;]:mb-0 [li_&amp;]:mt-1 [li_&amp;]:gap-1 [&amp;:not(:last-child)_ul]:pb-1 [&amp;:not(:last-child)_ol]:pb-1 list-disc flex flex-col gap-1 pl-8 mb-3\">\n<li class=\"whitespace-normal break-words pl-2\"><strong>Marek T., 54 let, Praha:<\/strong> <em>\u201eTrp\u011bl jsem probl\u00e9my s prostatou t\u00e9m\u011b\u0159 dva roky. Po prvn\u00edm m\u011bs\u00edci u\u017e\u00edv\u00e1n\u00ed Adectalu jsem si za\u010dal v\u0161\u00edmat, \u017ee v noci vst\u00e1v\u00e1m na toaletu v\u00fdrazn\u011b m\u00e9n\u011b. Po druh\u00e9m m\u011bs\u00edci se tlak v podb\u0159i\u0161ku t\u00e9m\u011b\u0159 vytratil. Doporu\u010duji ka\u017ed\u00e9mu mu\u017ei, kter\u00fd \u0159e\u0161\u00ed podobn\u00e9 pot\u00ed\u017ee.&#8220;<\/em><\/li>\n<li class=\"whitespace-normal break-words pl-2\"><strong>Jaroslav K., 61 let, Brno:<\/strong> <em>\u201eByl jsem skeptick\u00fd, proto\u017ee jsem zkou\u0161el r\u016fzn\u00e9 p\u0159\u00edpravky bez v\u011bt\u0161\u00edho efektu. Adectal m\u011b p\u0159\u00edjemn\u011b p\u0159ekvapil. Po \u0161esti t\u00fddnech pravideln\u00e9ho u\u017e\u00edv\u00e1n\u00ed jsem poc\u00edtil v\u00fdrazn\u00e9 zlep\u0161en\u00ed pr\u016ftoku mo\u010di a sp\u00edm klidn\u011bji. Oce\u0148uji p\u0159\u00edrodn\u00ed slo\u017een\u00ed bez chemie.&#8220;<\/em><\/li>\n<\/ol>\n<h2 class=\"text-text-100 mt-3 -mb-1 text-[1.125rem] font-bold\">\u00da\u010dinky pou\u017e\u00edv\u00e1n\u00ed Adectal<\/h2>\n<p class=\"font-claude-response-body break-words whitespace-normal leading-[1.7]\">Pravideln\u00e9 u\u017e\u00edv\u00e1n\u00ed p\u0159\u00edpravku Adectal m\u016f\u017ee p\u0159isp\u011bt k t\u011bmto \u00fa\u010dink\u016fm:<\/p>\n<ul class=\"[li_&amp;]:mb-0 [li_&amp;]:mt-1 [li_&amp;]:gap-1 [&amp;:not(:last-child)_ul]:pb-1 [&amp;:not(:last-child)_ol]:pb-1 list-disc flex flex-col gap-1 pl-8 mb-3\">\n<li class=\"whitespace-normal break-words pl-2\">Sn\u00ed\u017een\u00ed z\u00e1n\u011btu prostaty a zm\u00edrn\u011bn\u00ed bolesti v podb\u0159i\u0161ku<\/li>\n<li class=\"whitespace-normal break-words pl-2\">Zlep\u0161en\u00ed pr\u016ftoku mo\u010di a sn\u00ed\u017een\u00ed urgence p\u0159i mo\u010den\u00ed<\/li>\n<li class=\"whitespace-normal break-words pl-2\">Omezen\u00ed no\u010dn\u00edho vst\u00e1v\u00e1n\u00ed na toaletu (nykturie)<\/li>\n<li class=\"whitespace-normal break-words pl-2\">Podpora hormon\u00e1ln\u00ed rovnov\u00e1hy a norm\u00e1ln\u00ed hladiny testosteronu<\/li>\n<li class=\"whitespace-normal break-words pl-2\">Antioxida\u010dn\u00ed ochrana bun\u011bk prostaty<\/li>\n<li class=\"whitespace-normal break-words pl-2\">Zlep\u0161en\u00ed sexu\u00e1ln\u00ed funkce a libida<\/li>\n<li class=\"whitespace-normal break-words pl-2\">Celkov\u00e9 pos\u00edlen\u00ed imunitn\u00edho syst\u00e9mu mu\u017esk\u00e9ho organismu<\/li>\n<\/ul>\n<p class=\"font-claude-response-body break-words whitespace-normal leading-[1.7]\">\u00da\u010dinky nejsou okam\u017eit\u00e9 \u2013 p\u0159\u00edpravek pracuje postupn\u011b a p\u0159irozen\u011b v souladu s mechanismy t\u011bla.<\/p>\n<h2 class=\"text-text-100 mt-3 -mb-1 text-[1.125rem] font-bold\">Kontraindikace k pou\u017eit\u00ed<\/h2>\n<p class=\"font-claude-response-body break-words whitespace-normal leading-[1.7]\">A\u010dkoli je Adectal p\u0159\u00edrodn\u00edm p\u0159\u00edpravkem, existuj\u00ed situace, kdy je jeho u\u017e\u00edv\u00e1n\u00ed nevhodn\u00e9 nebo vy\u017eaduje konzultaci s l\u00e9ka\u0159em:<\/p>\n<ul class=\"[li_&amp;]:mb-0 [li_&amp;]:mt-1 [li_&amp;]:gap-1 [&amp;:not(:last-child)_ul]:pb-1 [&amp;:not(:last-child)_ol]:pb-1 list-disc flex flex-col gap-1 pl-8 mb-3\">\n<li class=\"whitespace-normal break-words pl-2\">Alergie nebo p\u0159ecitliv\u011blost na kteroukoli ze slo\u017eek p\u0159\u00edpravku<\/li>\n<li class=\"whitespace-normal break-words pl-2\">Z\u00e1va\u017en\u00e1 onemocn\u011bn\u00ed prostaty diagnostikovan\u00e1 l\u00e9ka\u0159em (karcinom prostaty)<\/li>\n<li class=\"whitespace-normal break-words pl-2\">Soub\u011b\u017en\u00e9 u\u017e\u00edv\u00e1n\u00ed l\u00e9k\u016f na \u0159ed\u011bn\u00ed krve nebo hormon\u00e1ln\u00ed terapie<\/li>\n<li class=\"whitespace-normal break-words pl-2\">V\u011bk pod 18 let<\/li>\n<li class=\"whitespace-normal break-words pl-2\">Z\u00e1va\u017en\u00e9 poruchy funkce ledvin nebo jater<\/li>\n<\/ul>\n<p class=\"font-claude-response-body break-words whitespace-normal leading-[1.7]\">P\u0159ed zah\u00e1jen\u00edm u\u017e\u00edv\u00e1n\u00ed se v\u017edy pora\u010fte se sv\u00fdm l\u00e9ka\u0159em, pokud u\u017e\u00edv\u00e1te jak\u00e9koli l\u00e9ky na p\u0159edpis nebo m\u00e1te diagnostikovan\u00e9 chronick\u00e9 onemocn\u011bn\u00ed.<\/p>\n<h2 class=\"text-text-100 mt-3 -mb-1 text-[1.125rem] font-bold\">Ofici\u00e1ln\u00ed kan\u00e1l pro bezpe\u010dn\u00fd n\u00e1kup Adectal<\/h2>\n<p class=\"font-claude-response-body break-words whitespace-normal leading-[1.7]\">Adectal nen\u00ed k dost\u00e1n\u00ed v l\u00e9k\u00e1rn\u00e1ch ani v kamenn\u00fdch obchodech. V\u00fdrobce se rozhodl distribuovat produkt v\u00fdhradn\u011b prost\u0159ednictv\u00edm sv\u00e9ho ofici\u00e1ln\u00edho webu, a to z n\u011bkolika d\u016fvod\u016f: garance pravosti produktu, p\u0159\u00edm\u00e1 z\u00e1kaznick\u00e1 podpora a ochrana p\u0159ed pad\u011blan\u00fdmi v\u00fdrobky, kter\u00e9 se mohou na trhu vyskytovat.<\/p>\n<p class=\"font-claude-response-body break-words whitespace-normal leading-[1.7]\">N\u00e1kup p\u0159es ofici\u00e1ln\u00ed str\u00e1nky v\u00fdrobce je tak\u00e9 nejbezpe\u010dn\u011bj\u0161\u00ed zp\u016fsob, jak zajistit, \u017ee dostanete origin\u00e1ln\u00ed Adectal se spr\u00e1vn\u00fdm slo\u017een\u00edm a platnou z\u00e1rukou. Objedn\u00e1vka prob\u00edh\u00e1 jednodu\u0161e online, p\u0159i\u010dem\u017e v\u00fdrobce pravideln\u011b nab\u00edz\u00ed r\u016fzn\u00e9 akce a mno\u017estevn\u00ed slevy pro nov\u00e9 i vracej\u00edc\u00ed se z\u00e1kazn\u00edky.<\/p>\n<h2 class=\"text-text-100 mt-3 -mb-1 text-[1.125rem] font-bold\">Aktu\u00e1ln\u00ed cena pro tento m\u011bs\u00edc<\/h2>\n<p class=\"font-claude-response-body break-words whitespace-normal leading-[1.7]\">Nejlep\u0161\u00ed cenu pro aktu\u00e1ln\u00ed m\u011bs\u00edc nab\u00edz\u00ed p\u0159\u00edmo v\u00fdrobce na sv\u00e9m ofici\u00e1ln\u00edm webu. Ceny se mohou li\u0161it v z\u00e1vislosti na prob\u00edhaj\u00edc\u00edch akc\u00edch a dostupn\u00fdch bal\u00ed\u010dc\u00edch. P\u0159ejd\u011bte na str\u00e1nky v\u00fdrobce, kde najdete aktu\u00e1ln\u00ed nab\u00eddku, p\u0159\u00edpadn\u00e9 slevy i informace o doprav\u011b do \u010cesk\u00e9 republiky. Objedn\u00e1vka je rychl\u00e1 a diskr\u00e9tn\u00ed.<\/p>\n<h2 class=\"text-text-100 mt-3 -mb-1 text-[1.125rem] font-bold\">N\u00e1zory odborn\u00edk\u016f na Adectal<\/h2>\n<p class=\"font-claude-response-body break-words whitespace-normal leading-[1.7]\">Odborn\u00edci z oblasti urologie a fytofarmacie hodnot\u00ed p\u0159\u00edpravky na p\u0159\u00edrodn\u00ed b\u00e1zi pro zdrav\u00ed prostaty obecn\u011b pozitivn\u011b, a to zejm\u00e9na tehdy, kdy\u017e jejich slo\u017een\u00ed vych\u00e1z\u00ed z v\u011bdecky podlo\u017een\u00fdch l\u00e1tek. Adectal spl\u0148uje tato krit\u00e9ria \u2013 kombinace extraktu z palmy serenoy, pygea a beta-sitosterolu pat\u0159\u00ed mezi nejl\u00e9pe prostudovan\u00e9 p\u0159\u00edrodn\u00ed p\u0159\u00edstupy k l\u00e9\u010db\u011b p\u0159\u00edznak\u016f benign\u00ed hyperplazie prostaty.<\/p>\n<p class=\"font-claude-response-body break-words whitespace-normal leading-[1.7]\">Odborn\u00edci z\u00e1rove\u0148 upozor\u0148uj\u00ed, \u017ee p\u0159\u00edrodn\u00ed dopl\u0148ky jsou vhodn\u00e9 p\u0159edev\u0161\u00edm jako podp\u016frn\u00e1 terapie a preventivn\u00ed p\u00e9\u010de, nikoli jako n\u00e1hrada odborn\u00e9 l\u00e9ka\u0159sk\u00e9 l\u00e9\u010dby v z\u00e1va\u017en\u00fdch p\u0159\u00edpadech. Doporu\u010duj\u00ed kombinovat jejich u\u017e\u00edv\u00e1n\u00ed se zdrav\u00fdm \u017eivotn\u00edm stylem, dostate\u010dn\u00fdm p\u0159\u00edjmem tekutin a pravidelnou l\u00e9ka\u0159skou kontrolou.<\/p>\n<ul>\n<li class=\"font-claude-response-body break-words whitespace-normal leading-[1.7]\"><strong>MUDr. Pavel Nov\u00e1k, urolog:<\/strong> <em>\u201eVe sv\u00e9 praxi se setk\u00e1v\u00e1m s pacienty, kte\u0159\u00ed hledaj\u00ed p\u0159\u00edrodn\u00ed alternativy k farmaceutick\u00fdm p\u0159\u00edpravk\u016fm. Slo\u017een\u00ed p\u0159\u00edpravk\u016f jako Adectal je z odborn\u00e9ho hlediska dob\u0159e sestaven\u00e9 \u2013 extrakty z palmy serenoy a pygea maj\u00ed solidn\u00ed v\u011bdeckou podporu. P\u0159i m\u00edrn\u011bj\u0161\u00edch p\u0159\u00edznac\u00edch prostatitidy mohou b\u00fdt podobn\u00e9 p\u0159\u00edpravky skute\u010dn\u011b p\u0159\u00ednosem.&#8220;<\/em><\/li>\n<\/ul>\n<p class=\"font-claude-response-body break-words whitespace-normal leading-[1.7]\">Adectal p\u0159edstavuje komplexn\u00ed p\u0159\u00edrodn\u00ed \u0159e\u0161en\u00ed pro mu\u017ee, kte\u0159\u00ed se pot\u00fdkaj\u00ed s obt\u00ed\u017eemi spojen\u00fdmi s prostatou. D\u00edky pe\u010dliv\u011b zvolen\u00e9mu slo\u017een\u00ed z osv\u011bd\u010den\u00fdch rostlinn\u00fdch extrakt\u016f a miner\u00e1l\u016f nab\u00edz\u00ed p\u0159\u00edpravek podporu prostaty bez nutnosti s\u00e1hnout po syntetick\u00fdch l\u00e9c\u00edch. Pozitivn\u00ed zku\u0161enosti z\u00e1kazn\u00edk\u016f i kladn\u00e9 hodnocen\u00ed odborn\u00edk\u016f nazna\u010duj\u00ed, \u017ee jde o produkt, kter\u00fd stoj\u00ed za vyzkou\u0161en\u00ed. Pokud hled\u00e1te p\u0159\u00edrodn\u00ed cestu k lep\u0161\u00edmu zdrav\u00ed prostaty, Adectal m\u016f\u017ee b\u00fdt spr\u00e1vnou volbou. Pro n\u00e1kup nav\u0161tivte v\u00fdhradn\u011b ofici\u00e1ln\u00ed str\u00e1nky v\u00fdrobce, kde z\u00edsk\u00e1te zaru\u010den\u011b origin\u00e1ln\u00ed produkt za nejlep\u0161\u00ed dostupnou cenu.<\/p>\n","protected":false},"excerpt":{"rendered":"<p>Probl\u00e9my s prostatou tr\u00e1p\u00ed st\u00e1le v\u00edce mu\u017e\u016f \u2013 a to nejenom ve vy\u0161\u0161\u00edm v\u011bku. \u010cast\u00e9 nucen\u00ed na mo\u010den\u00ed, bolesti v podb\u0159i\u0161ku, zhor\u0161en\u00e1 sexu\u00e1ln\u00ed funkce \u010di celkov\u00e1 \u00fanava jsou p\u0159\u00edznaky, kter\u00e9&hellip;<\/p>\n","protected":false},"featured_media":260,"comment_status":"open","ping_status":"closed","template":"","meta":[],"product_brand":[],"product_cat":[15],"product_tag":[],"class_list":{"0":"post-259","1":"product","2":"type-product","3":"status-publish","4":"has-post-thumbnail","6":"product_cat-prirodni","8":"first","9":"instock","10":"sale","11":"shipping-taxable","12":"product-type-external"},"aioseo_notices":[],"_links":{"self":[{"href":"https:\/\/citscibio.org\/index.php\/wp-json\/wp\/v2\/product\/259","targetHints":{"allow":["GET"]}}],"collection":[{"href":"https:\/\/citscibio.org\/index.php\/wp-json\/wp\/v2\/product"}],"about":[{"href":"https:\/\/citscibio.org\/index.php\/wp-json\/wp\/v2\/types\/product"}],"replies":[{"embeddable":true,"href":"https:\/\/citscibio.org\/index.php\/wp-json\/wp\/v2\/comments?post=259"}],"wp:featuredmedia":[{"embeddable":true,"href":"https:\/\/citscibio.org\/index.php\/wp-json\/wp\/v2\/media\/260"}],"wp:attachment":[{"href":"https:\/\/citscibio.org\/index.php\/wp-json\/wp\/v2\/media?parent=259"}],"wp:term":[{"taxonomy":"product_brand","embeddable":true,"href":"https:\/\/citscibio.org\/index.php\/wp-json\/wp\/v2\/product_brand?post=259"},{"taxonomy":"product_cat","embeddable":true,"href":"https:\/\/citscibio.org\/index.php\/wp-json\/wp\/v2\/product_cat?post=259"},{"taxonomy":"product_tag","embeddable":true,"href":"https:\/\/citscibio.org\/index.php\/wp-json\/wp\/v2\/product_tag?post=259"}],"curies":[{"name":"wp","href":"https:\/\/api.w.org\/{rel}","templated":true}]}}